{"id":30,"date":"2014-08-05T11:56:42","date_gmt":"2014-08-05T11:56:42","guid":{"rendered":"http:\/\/www.gutertag.at\/wordpress\/?page_id=30"},"modified":"2022-06-27T22:13:42","modified_gmt":"2022-06-27T22:13:42","slug":"psychotherapie","status":"publish","type":"page","link":"https:\/\/www.gutertag.at\/wordpress\/angebot\/psychotherapie\/","title":{"rendered":"Psychotherapie"},"content":{"rendered":"<div id='layer_slider_1'  class='avia-layerslider main_color avia-shadow  avia-builder-el-0  el_before_av_one_full  avia-builder-el-first  container_wrap sidebar_right'  style='height: 341px;'  ><\/div><div id='after_layer_slider_1'  class='main_color av_default_container_wrap container_wrap sidebar_right'  ><div class='container av-section-cont-open' ><div class='template-page content  av-content-small alpha units'><div class='post-entry post-entry-type-page post-entry-30'><div class='entry-content-wrapper clearfix'>\n<div  class='flex_column av-cfwva-78bef0799330dadd985287b68cac706a av_one_full  avia-builder-el-1  el_after_av_layerslider  el_before_av_hr  avia-builder-el-first  first flex_column_div  '     ><section  class='av_textblock_section av-bimn6-dec4ae4168615d48a7248806e89d3d4a '   itemscope=\"itemscope\" itemtype=\"https:\/\/schema.org\/CreativeWork\" ><div class='avia_textblock'  itemprop=\"text\" ><p>Da Sie auf meiner Seite gelandet sind und Interesse an Psychotherapie zeigen, gehe ich davon aus, da\u00df Sie entweder in ihre pers\u00f6nliche Entwicklung investieren und ihre Gesundheit f\u00f6rdern m\u00f6chten oder am Rande Ihrer Kr\u00e4fte angelangt sind und sich professionelle Unterst\u00fctzung w\u00fcnschen. Sei dies nun f\u00fcr Sie selbst, f\u00fcr Sie als Paar, f\u00fcr Kinder &amp; Jugendliche oder Sie als Familie.<\/p>\n<p>Psychotherapie soll ihnen helfen, schwierige Lebenssituationen zu meistern, innere und \u00e4u\u00dfere Konflikte zu bew\u00e4ltigen, hinderliche Verhaltensmuster durch f\u00f6rderliche zu ersetzen, private und berufliche Beziehungen positiv zu gestalten oder traumatische Erlebnisse aufzuarbeiten. So besch\u00e4ftigt sich Psychotherapie sowohl mit Krankheitsbehandlung als auch mit der F\u00f6rderung und Erhaltung der k\u00f6rperlichen, seelischen und sozialen Gesundheit.<\/p>\n<p>In der systemischen Therapie stehen Sie mit Ihrem ganz pers\u00f6nlichen Anliegen im Mittelpunkt. Dar\u00fcber hinaus werden die Zusammenh\u00e4nge in ihrem individuellen sozialen System beleuchtet. Probleme werden nicht als \u201eabsurd oder krankheitswertig\u201c, sondern als prinzipiell verstehbare Reaktion auf ihr Umfeld verstanden. (Mit sich alleine hat man ja meist kein Problem \u2013 diese entstehen erst, wenn andere hinzukommen&#8230;)<\/p>\n<p>Ich sehe jeden Menschen als ein vielseitiges, einzigartiges Individuum mit unterschiedlichen St\u00e4rken und Entwicklungspotentialen an. Diese begr\u00fcnden sich auf Ihrer ganz pers\u00f6nlichen Lebens-, Erfahrungs- und Entwicklungsgeschichte, die Ihr Denken, F\u00fchlen und Handeln beeinflusst.<br \/>\nDaher sind \u00e4hnlich scheinende Situationen unterschiedlicher Klienten bei n\u00e4herer Betrachtung nicht mehr so \u00e4hnlich. Es gibt also keine therapeutische Patentl\u00f6sung.<br \/>\nGemeinsam mit Ihnen als \u201eExpertIn f\u00fcr Ihre Lebensgeschichte\u201c, gehe ich unvoreingenommen an jede Aufgabe heran und erarbeite mit Ihnen je nach Ihren Bed\u00fcrfnissen die f\u00fcr Sie passenden L\u00f6sungen.<\/p>\n<p>Psychotherapie soll so kurz wie m\u00f6glich und so lange wie n\u00f6tig dauern.<\/p>\n<p>Wenn Sie sich ein pers\u00f6nliches Bild von mir und meiner Arbeitsweise machen m\u00f6chten, freue ich mich auf ein <a href=\"\/wordpress\/kontakt\/\">Erstgespr\u00e4ch<\/a>.<br \/>\nVielleicht wurde ich Ihnen auch empfohlen, dann ist es noch wichtiger f\u00fcr Sie, sich selbst einen Eindruck dar\u00fcber zu verschaffen ob eine Zusammenarbeit mit mir f\u00fcr Sie Erfolg versprechend ist.<\/p>\n<\/div><\/section><\/div><div  class='hr av-b9nca-da1150c5f3ee22d022acd283aa4f03bb hr-default  avia-builder-el-3  el_after_av_one_full  el_before_av_heading '><span class='hr-inner '><span class=\"hr-inner-style\"><\/span><\/span><\/div><\/p>\n\n<style type=\"text\/css\" data-created_by=\"avia_inline_auto\" id=\"style-css-av-nlem-f20aab91c698428c528cf9387028244b\">\n#top .av-special-heading.av-nlem-f20aab91c698428c528cf9387028244b{\npadding-bottom:10px;\n}\nbody .av-special-heading.av-nlem-f20aab91c698428c528cf9387028244b .av-special-heading-tag .heading-char{\nfont-size:25px;\n}\n.av-special-heading.av-nlem-f20aab91c698428c528cf9387028244b .av-subheading{\nfont-size:15px;\n}\n<\/style>\n<div  class='av-special-heading av-nlem-f20aab91c698428c528cf9387028244b av-special-heading-h3 meta-heading blockquote modern-quote  avia-builder-el-4  el_after_av_hr  el_before_av_one_half '><h3 class='av-special-heading-tag '  itemprop=\"headline\"  >H\u00e4ufige Anliegen, bei denen Psychotherapie helfen kann:<\/h3><div class=\"special-heading-border\"><div class=\"special-heading-inner-border\"><\/div><\/div><\/div>\n<div  class='flex_column av-102mu-f82eef1c9b8a27764c88efc5f1ea7757 av_one_half  avia-builder-el-5  el_after_av_heading  el_before_av_one_half  first flex_column_div  '     ><div  class='avia-icon-list-container av-92ihy-f5b4e33ec37f32260a618bba10c45b75  avia-builder-el-6  avia-builder-el-no-sibling '><ul class='avia-icon-list avia_animate_when_almost_visible avia-icon-list-left av-iconlist-big av-92ihy-f5b4e33ec37f32260a618bba10c45b75 avia-iconlist-animate'>\n<li><div class='iconlist_icon av-8odmi-d0d54207833d18b7d071979179124cf5 avia-font-entypo-fontello avia-iconfont avia-font-entypo-fontello'><span class='av-icon-char' data-av_icon='\ue812' data-av_iconfont='entypo-fontello' aria-hidden=\"true\"><\/span><\/div><article class=\"article-icon-entry av-iconlist-empty\"  itemscope=\"itemscope\" itemtype=\"https:\/\/schema.org\/CreativeWork\" ><div class=\"iconlist_content_wrap\"><header class=\"entry-content-header\" aria-label=\"Icon: in Lebenskrisen neue Perspektiven zu finden\"><h4 class='av_iconlist_title iconlist_title  '  itemprop=\"headline\" >in Lebenskrisen neue Perspektiven zu finden<\/h4><\/header><div class='iconlist_content '  itemprop=\"text\" ><\/div><\/div><footer class=\"entry-footer\"><\/footer><\/article><div class=\"iconlist-timeline\"><\/div><\/li>\n<li><div class='iconlist_icon av-7xkci-bf3eec9a30ae25dc1a5f5b2f09b72ef6 avia-font-entypo-fontello avia-iconfont avia-font-entypo-fontello'><span class='av-icon-char' data-av_icon='\ue812' data-av_iconfont='entypo-fontello' aria-hidden=\"true\"><\/span><\/div><article class=\"article-icon-entry av-iconlist-empty\"  itemscope=\"itemscope\" itemtype=\"https:\/\/schema.org\/CreativeWork\" ><div class=\"iconlist_content_wrap\"><header class=\"entry-content-header\" aria-label=\"Icon: Trauma zu bew\u00e4ltigen und sich neu zu orientieren\"><h4 class='av_iconlist_title iconlist_title  '  itemprop=\"headline\" >Trauma zu bew\u00e4ltigen und sich neu zu orientieren<\/h4><\/header><div class='iconlist_content '  itemprop=\"text\" ><\/div><\/div><footer class=\"entry-footer\"><\/footer><\/article><div class=\"iconlist-timeline\"><\/div><\/li>\n<li><div class='iconlist_icon av-7ndam-78e87f40f169c613560bd860d15f558c avia-font-entypo-fontello avia-iconfont avia-font-entypo-fontello'><span class='av-icon-char' data-av_icon='\ue812' data-av_iconfont='entypo-fontello' aria-hidden=\"true\"><\/span><\/div><article class=\"article-icon-entry av-iconlist-empty\"  itemscope=\"itemscope\" itemtype=\"https:\/\/schema.org\/CreativeWork\" ><div class=\"iconlist_content_wrap\"><header class=\"entry-content-header\" aria-label=\"Icon: seelische Leidenszust\u00e4nde wie Depression, Zw\u00e4nge etc. zu lindern\"><h4 class='av_iconlist_title iconlist_title  '  itemprop=\"headline\" >seelische Leidenszust\u00e4nde wie Depression, Zw\u00e4nge etc. zu lindern<\/h4><\/header><div class='iconlist_content '  itemprop=\"text\" ><\/div><\/div><footer class=\"entry-footer\"><\/footer><\/article><div class=\"iconlist-timeline\"><\/div><\/li>\n<li><div class='iconlist_icon av-70j86-b0781cbb1e3f8c8d77ce484af59d3d92 avia-font-entypo-fontello avia-iconfont avia-font-entypo-fontello'><span class='av-icon-char' data-av_icon='\ue812' data-av_iconfont='entypo-fontello' aria-hidden=\"true\"><\/span><\/div><article class=\"article-icon-entry av-iconlist-empty\"  itemscope=\"itemscope\" itemtype=\"https:\/\/schema.org\/CreativeWork\" ><div class=\"iconlist_content_wrap\"><header class=\"entry-content-header\" aria-label=\"Icon: \u00c4ngste abzubauen\"><h4 class='av_iconlist_title iconlist_title  '  itemprop=\"headline\" >\u00c4ngste abzubauen<\/h4><\/header><div class='iconlist_content '  itemprop=\"text\" ><\/div><\/div><footer class=\"entry-footer\"><\/footer><\/article><div class=\"iconlist-timeline\"><\/div><\/li>\n<li><div class='iconlist_icon av-6g012-accd60efa4c9b7b0eb31dc51143882f7 avia-font-entypo-fontello avia-iconfont avia-font-entypo-fontello'><span class='av-icon-char' data-av_icon='\ue812' data-av_iconfont='entypo-fontello' aria-hidden=\"true\"><\/span><\/div><article class=\"article-icon-entry av-iconlist-empty\"  itemscope=\"itemscope\" itemtype=\"https:\/\/schema.org\/CreativeWork\" ><div class=\"iconlist_content_wrap\"><header class=\"entry-content-header\" aria-label=\"Icon: Sucht und Abh\u00e4ngigkeit zu \u00fcberwinden (Alkohol, Drogen, Spielen, Internet etc.)\"><h4 class='av_iconlist_title iconlist_title  '  itemprop=\"headline\" >Sucht und Abh\u00e4ngigkeit zu \u00fcberwinden (Alkohol, Drogen, Spielen, Internet etc.)<\/h4><\/header><div class='iconlist_content '  itemprop=\"text\" ><\/div><\/div><footer class=\"entry-footer\"><\/footer><\/article><div class=\"iconlist-timeline\"><\/div><\/li>\n<li><div class='iconlist_icon av-5fxvq-88ba9789f24a62fc824af37b0242059d avia-font-entypo-fontello avia-iconfont avia-font-entypo-fontello'><span class='av-icon-char' data-av_icon='\ue812' data-av_iconfont='entypo-fontello' aria-hidden=\"true\"><\/span><\/div><article class=\"article-icon-entry av-iconlist-empty\"  itemscope=\"itemscope\" itemtype=\"https:\/\/schema.org\/CreativeWork\" ><div class=\"iconlist_content_wrap\"><header class=\"entry-content-header\" aria-label=\"Icon: sich selbst besser annehmen zu k\u00f6nnen\"><h4 class='av_iconlist_title iconlist_title  '  itemprop=\"headline\" >sich selbst besser annehmen zu k\u00f6nnen<\/h4><\/header><div class='iconlist_content '  itemprop=\"text\" ><\/div><\/div><footer class=\"entry-footer\"><\/footer><\/article><div class=\"iconlist-timeline\"><\/div><\/li>\n<\/ul><\/div><\/div>\n<div  class='flex_column av-4xfwq-95bad85ab44fbadd9e4a5203a2685297 av_one_half  avia-builder-el-7  el_after_av_one_half  avia-builder-el-last  flex_column_div  '     ><div  class='avia-icon-list-container av-4qqxq-cfee1a5d4de005f6d99c5a16a9964701  avia-builder-el-8  avia-builder-el-no-sibling '><ul class='avia-icon-list avia_animate_when_almost_visible avia-icon-list-left av-iconlist-big av-4qqxq-cfee1a5d4de005f6d99c5a16a9964701 avia-iconlist-animate'>\n<li><div class='iconlist_icon av-3n8he-c38d042f42a5e9c67ef1286146799d2c avia-font-entypo-fontello avia-iconfont avia-font-entypo-fontello'><span class='av-icon-char' data-av_icon='\ue812' data-av_iconfont='entypo-fontello' aria-hidden=\"true\"><\/span><\/div><article class=\"article-icon-entry av-iconlist-empty\"  itemscope=\"itemscope\" itemtype=\"https:\/\/schema.org\/CreativeWork\" ><div class=\"iconlist_content_wrap\"><header class=\"entry-content-header\" aria-label=\"Icon: Beziehungen oder Partnerschaft bereichernder zu gestalten\"><h4 class='av_iconlist_title iconlist_title  '  itemprop=\"headline\" >Beziehungen oder Partnerschaft bereichernder zu gestalten<\/h4><\/header><div class='iconlist_content '  itemprop=\"text\" ><\/div><\/div><footer class=\"entry-footer\"><\/footer><\/article><div class=\"iconlist-timeline\"><\/div><\/li>\n<li><div class='iconlist_icon av-32w2q-f70e2c18e4c0cc89ffbea5867eb95645 avia-font-entypo-fontello avia-iconfont avia-font-entypo-fontello'><span class='av-icon-char' data-av_icon='\ue812' data-av_iconfont='entypo-fontello' aria-hidden=\"true\"><\/span><\/div><article class=\"article-icon-entry av-iconlist-empty\"  itemscope=\"itemscope\" itemtype=\"https:\/\/schema.org\/CreativeWork\" ><div class=\"iconlist_content_wrap\"><header class=\"entry-content-header\" aria-label=\"Icon: Krankheit oder Behinderung anzuerkennen und die damit verbundene Herausforderung zu meistern\"><h4 class='av_iconlist_title iconlist_title  '  itemprop=\"headline\" >Krankheit oder Behinderung anzuerkennen und die damit verbundene Herausforderung zu meistern<\/h4><\/header><div class='iconlist_content '  itemprop=\"text\" ><\/div><\/div><footer class=\"entry-footer\"><\/footer><\/article><div class=\"iconlist-timeline\"><\/div><\/li>\n<li><div class='iconlist_icon av-2vj3u-3f576143ba0325326c05124252fdfa64 avia-font-entypo-fontello avia-iconfont avia-font-entypo-fontello'><span class='av-icon-char' data-av_icon='\ue812' data-av_iconfont='entypo-fontello' aria-hidden=\"true\"><\/span><\/div><article class=\"article-icon-entry av-iconlist-empty\"  itemscope=\"itemscope\" itemtype=\"https:\/\/schema.org\/CreativeWork\" ><div class=\"iconlist_content_wrap\"><header class=\"entry-content-header\" aria-label=\"Icon: neue Perspektiven in verschiedeneren Lebensbereichen zu finden\"><h4 class='av_iconlist_title iconlist_title  '  itemprop=\"headline\" >neue Perspektiven in verschiedeneren Lebensbereichen zu finden<\/h4><\/header><div class='iconlist_content '  itemprop=\"text\" ><\/div><\/div><footer class=\"entry-footer\"><\/footer><\/article><div class=\"iconlist-timeline\"><\/div><\/li>\n<li><div class='iconlist_icon av-1ytva-89ab317a350bdac57e3649281e3fd08c avia-font-entypo-fontello avia-iconfont avia-font-entypo-fontello'><span class='av-icon-char' data-av_icon='\ue812' data-av_iconfont='entypo-fontello' aria-hidden=\"true\"><\/span><\/div><article class=\"article-icon-entry av-iconlist-empty\"  itemscope=\"itemscope\" itemtype=\"https:\/\/schema.org\/CreativeWork\" ><div class=\"iconlist_content_wrap\"><header class=\"entry-content-header\" aria-label=\"Icon: Halt und Sicherheit in wichtigen Lebensfragen zu finden\"><h4 class='av_iconlist_title iconlist_title  '  itemprop=\"headline\" >Halt und Sicherheit in wichtigen Lebensfragen zu finden<\/h4><\/header><div class='iconlist_content '  itemprop=\"text\" ><\/div><\/div><footer class=\"entry-footer\"><\/footer><\/article><div class=\"iconlist-timeline\"><\/div><\/li>\n<li><div class='iconlist_icon av-1hsd6-1ce64c0143ffe48e6bc3df3a3e5cbf81 avia-font-entypo-fontello avia-iconfont avia-font-entypo-fontello'><span class='av-icon-char' data-av_icon='\ue812' data-av_iconfont='entypo-fontello' aria-hidden=\"true\"><\/span><\/div><article class=\"article-icon-entry av-iconlist-empty\"  itemscope=\"itemscope\" itemtype=\"https:\/\/schema.org\/CreativeWork\" ><div class=\"iconlist_content_wrap\"><header class=\"entry-content-header\" aria-label=\"Icon: nicht entdeckte oder nicht beachtete F\u00e4higkeiten aufzufinden und kreativ zu nutzen\"><h4 class='av_iconlist_title iconlist_title  '  itemprop=\"headline\" >nicht entdeckte oder nicht beachtete F\u00e4higkeiten aufzufinden und kreativ zu nutzen<\/h4><\/header><div class='iconlist_content '  itemprop=\"text\" ><\/div><\/div><footer class=\"entry-footer\"><\/footer><\/article><div class=\"iconlist-timeline\"><\/div><\/li>\n<li><div class='iconlist_icon av-r0ee-83ef03d524ab2a4890388ef7cae8a395 avia-font-entypo-fontello avia-iconfont avia-font-entypo-fontello'><span class='av-icon-char' data-av_icon='\ue812' data-av_iconfont='entypo-fontello' aria-hidden=\"true\"><\/span><\/div><article class=\"article-icon-entry av-iconlist-empty\"  itemscope=\"itemscope\" itemtype=\"https:\/\/schema.org\/CreativeWork\" ><div class=\"iconlist_content_wrap\"><header class=\"entry-content-header\" aria-label=\"Icon: Stress abzubauen\"><h4 class='av_iconlist_title iconlist_title  '  itemprop=\"headline\" >Stress abzubauen<\/h4><\/header><div class='iconlist_content '  itemprop=\"text\" ><\/div><\/div><footer class=\"entry-footer\"><\/footer><\/article><div class=\"iconlist-timeline\"><\/div><\/li>\n<\/ul><\/div><\/div>\n","protected":false},"excerpt":{"rendered":"","protected":false},"author":5,"featured_media":0,"parent":90,"menu_order":1,"comment_status":"closed","ping_status":"closed","template":"","meta":{"footnotes":""},"class_list":["post-30","page","type-page","status-publish","hentry"],"_links":{"self":[{"href":"https:\/\/www.gutertag.at\/wordpress\/wp-json\/wp\/v2\/pages\/30","targetHints":{"allow":["GET"]}}],"collection":[{"href":"https:\/\/www.gutertag.at\/wordpress\/wp-json\/wp\/v2\/pages"}],"about":[{"href":"https:\/\/www.gutertag.at\/wordpress\/wp-json\/wp\/v2\/types\/page"}],"author":[{"embeddable":true,"href":"https:\/\/www.gutertag.at\/wordpress\/wp-json\/wp\/v2\/users\/5"}],"replies":[{"embeddable":true,"href":"https:\/\/www.gutertag.at\/wordpress\/wp-json\/wp\/v2\/comments?post=30"}],"version-history":[{"count":29,"href":"https:\/\/www.gutertag.at\/wordpress\/wp-json\/wp\/v2\/pages\/30\/revisions"}],"predecessor-version":[{"id":893,"href":"https:\/\/www.gutertag.at\/wordpress\/wp-json\/wp\/v2\/pages\/30\/revisions\/893"}],"up":[{"embeddable":true,"href":"https:\/\/www.gutertag.at\/wordpress\/wp-json\/wp\/v2\/pages\/90"}],"wp:attachment":[{"href":"https:\/\/www.gutertag.at\/wordpress\/wp-json\/wp\/v2\/media?parent=30"}],"curies":[{"name":"wp","href":"https:\/\/api.w.org\/{rel}","templated":true}]}}