{"id":387,"date":"2014-09-08T16:55:45","date_gmt":"2014-09-08T16:55:45","guid":{"rendered":"http:\/\/www.gutertag.at\/?page_id=387"},"modified":"2019-09-01T15:28:58","modified_gmt":"2019-09-01T15:28:58","slug":"impressum","status":"publish","type":"page","link":"https:\/\/www.gutertag.at\/wordpress\/impressum\/","title":{"rendered":"Impressum"},"content":{"rendered":"<div  class='flex_column av-dnpor-ea1333f379bb6959ffbb63616cf8c878 av_one_full  avia-builder-el-0  avia-builder-el-no-sibling  first flex_column_div  '     ><p>\n<style type=\"text\/css\" data-created_by=\"avia_inline_auto\" id=\"style-css-av-k014oaic-36fedc4eed07af19bcd8570a0d118eec\">\n#top .av-special-heading.av-k014oaic-36fedc4eed07af19bcd8570a0d118eec{\npadding-bottom:10px;\n}\nbody .av-special-heading.av-k014oaic-36fedc4eed07af19bcd8570a0d118eec .av-special-heading-tag .heading-char{\nfont-size:25px;\n}\n.av-special-heading.av-k014oaic-36fedc4eed07af19bcd8570a0d118eec .av-subheading{\nfont-size:15px;\n}\n\n@media only screen and (max-width: 479px){ \n#top #wrap_all .av-special-heading.av-k014oaic-36fedc4eed07af19bcd8570a0d118eec .av-special-heading-tag{\nfont-size:24px;\n}\n}\n<\/style>\n<div  class='av-special-heading av-k014oaic-36fedc4eed07af19bcd8570a0d118eec av-special-heading-h1 meta-heading  avia-builder-el-1  el_before_av_textblock  avia-builder-el-first '><h1 class='av-special-heading-tag '  itemprop=\"headline\"  >Impressum<\/h1><div class=\"special-heading-border\"><div class=\"special-heading-inner-border\"><\/div><\/div><\/div><br \/>\n<section  class='av_textblock_section av-bi58z-7872cca6c9700d119148cbc9f6a9e2eb '   itemscope=\"itemscope\" itemtype=\"https:\/\/schema.org\/CreativeWork\" ><div class='avia_textblock'  itemprop=\"text\" ><p><span style=\"text-decoration: underline;\">Name, Sitz und Kontaktdaten der psychotherapeutischen Praxis:<\/span><br \/>\nIngrid Jenkner<br \/>\nFrauenstiftgasse 10\/2<br \/>\n1210 Wien \u00d6sterreich<\/p>\n<p>Mobil: (+43)\u00a00660\u00a0\/ 670 67 23<br \/>\nEmail: <a href=\"mailto:praxis@gutertag.at\">praxis@gutertag.at<\/a><\/p>\n<p><span style=\"text-decoration: underline;\">Gesetzliche Berufsbezeichnung:<\/span><br \/>\n&#8222;Psychotherapeutin, Zusatzbezeichnung &#8222;systemische Familientherapie&#8220;, verliehen in der Republik \u00d6sterreich durch die \u00d6AS- \u00d6sterreichische Arbeitsgemeinschaft f\u00fcr Systemische Therapie und Systemische Studien, Gonzagagasse 11\/19, 1010 Wien.<br \/>\n<b><br \/>\n<\/b><span style=\"text-decoration: underline;\">Ma\u00dfgebliche berufsrechtliche Regelungen:<\/span><\/p>\n<ul>\n<li><a href=\"http:\/\/www.ris.bka.gv.at\/GeltendeFassung.wxe?Abfrage=Bundesnormen&amp;Gesetzesnummer=10010620\" target=\"_blank\" rel=\"noopener noreferrer\">Psychotherapiegesetz<\/a><\/li>\n<li><a href=\"http:\/\/bmg.gv.at\/cms\/home\/attachments\/6\/8\/3\/CH1002\/CMS1144348952885\/berufskodex.pdf\" target=\"_blank\" rel=\"noopener noreferrer\">Berufskodex f\u00fcr Psychotherapeutinnen und Psychotherapeuten <\/a><\/li>\n<\/ul>\n<p><span style=\"text-decoration: underline;\">Zust\u00e4ndige Aufsichtsbeh\u00f6rde:<br \/>\n<\/span><a href=\"http:\/\/www.bmg.gv.at\/\" target=\"_blank\" rel=\"noopener noreferrer\">Bundesministerium f\u00fcr Gesundheit<\/a>, Radetzkystra\u00dfe 2, 1030 Wien, Tel.: +43 (0) 1 71100-0<br \/>\n<span style=\"text-decoration: underline;\"><br \/>\nUmsatzsteuer-Identifikationsnummer:<\/span><br \/>\nPsychotherapeutische Leistungen sind nach \u00a7 6 Abs. 1 Z 19 UStG umsatzsteuerbefreit.<\/p>\n<p><span style=\"text-decoration: underline;\">Grundlegende Richtung der Inhalte:<\/span><br \/>\nGrundlegende Richtung ist eine erste Information f\u00fcr hilfesuchende Menschen, die auf der Suche nach einem Psychotherapieplatz sind, \u00fcber das Angebot der Leistungserbringerin und \u00fcber ihre Person.<\/p>\n<p><span style=\"text-decoration: underline;\">Haftungshinweis<br \/>\n<\/span>Trotz sorgf\u00e4ltiger inhaltlicher Pr\u00fcfung \u00fcbernehme ich\u00a0keine Haftung f\u00fcr die Inhalte externer Links. F\u00fcr den Inhalt der verlinkten Seiten sind ausschlie\u00dflich deren Betreiber verantwortlich.<\/p>\n<p><span style=\"color: #808080;\"><span style=\"text-decoration: underline;\"><span style=\"text-decoration: underline;\">Copyright<br \/>\n<\/span><\/span>Alle Fotos &amp; Texte unterliegen dem Copyright \u00a9Ingrid Jenkner<\/span><\/p>\n<\/div><\/section><\/p><\/div>\n","protected":false},"excerpt":{"rendered":"","protected":false},"author":5,"featured_media":0,"parent":0,"menu_order":0,"comment_status":"open","ping_status":"closed","template":"","meta":{"footnotes":""},"class_list":["post-387","page","type-page","status-publish","hentry"],"_links":{"self":[{"href":"https:\/\/www.gutertag.at\/wordpress\/wp-json\/wp\/v2\/pages\/387","targetHints":{"allow":["GET"]}}],"collection":[{"href":"https:\/\/www.gutertag.at\/wordpress\/wp-json\/wp\/v2\/pages"}],"about":[{"href":"https:\/\/www.gutertag.at\/wordpress\/wp-json\/wp\/v2\/types\/page"}],"author":[{"embeddable":true,"href":"https:\/\/www.gutertag.at\/wordpress\/wp-json\/wp\/v2\/users\/5"}],"replies":[{"embeddable":true,"href":"https:\/\/www.gutertag.at\/wordpress\/wp-json\/wp\/v2\/comments?post=387"}],"version-history":[{"count":23,"href":"https:\/\/www.gutertag.at\/wordpress\/wp-json\/wp\/v2\/pages\/387\/revisions"}],"predecessor-version":[{"id":840,"href":"https:\/\/www.gutertag.at\/wordpress\/wp-json\/wp\/v2\/pages\/387\/revisions\/840"}],"wp:attachment":[{"href":"https:\/\/www.gutertag.at\/wordpress\/wp-json\/wp\/v2\/media?parent=387"}],"curies":[{"name":"wp","href":"https:\/\/api.w.org\/{rel}","templated":true}]}}