{"id":591,"date":"2019-08-21T14:33:53","date_gmt":"2019-08-21T14:33:53","guid":{"rendered":"http:\/\/www.gutertag.at\/wordpress\/?page_id=591"},"modified":"2019-08-30T07:57:56","modified_gmt":"2019-08-30T07:57:56","slug":"datenschutzerklarung","status":"publish","type":"page","link":"https:\/\/www.gutertag.at\/wordpress\/datenschutzerklarung\/","title":{"rendered":"Datenschutzerkl\u00e4rung"},"content":{"rendered":"\n<style type=\"text\/css\" data-created_by=\"avia_inline_auto\" id=\"style-css-av-jzxtri56-e8abc63b4ba37966f239be8937d4c491\">\n#top .av-special-heading.av-jzxtri56-e8abc63b4ba37966f239be8937d4c491{\nmargin:0 0 5% 0;\npadding-bottom:10px;\n}\nbody .av-special-heading.av-jzxtri56-e8abc63b4ba37966f239be8937d4c491 .av-special-heading-tag .heading-char{\nfont-size:25px;\n}\n.av-special-heading.av-jzxtri56-e8abc63b4ba37966f239be8937d4c491 .av-subheading{\nfont-size:26px;\n}\n\n@media only screen and (max-width: 479px){ \n#top #wrap_all .av-special-heading.av-jzxtri56-e8abc63b4ba37966f239be8937d4c491 .av-special-heading-tag{\nfont-size:21px;\n}\n.av-special-heading.av-jzxtri56-e8abc63b4ba37966f239be8937d4c491 .av-subheading{\nfont-size:18px;\n}\n}\n<\/style>\n<div  class='av-special-heading av-jzxtri56-e8abc63b4ba37966f239be8937d4c491 av-special-heading-h1 meta-heading blockquote modern-quote  avia-builder-el-0  el_before_av_textblock  avia-builder-el-first '><h1 class='av-special-heading-tag '  itemprop=\"headline\"  >Datenschutzerkl\u00e4rung<\/h1><div class='av-subheading av-subheading_below'><p>Ingrid Jenkner &#8211; Psychotherapeutin<\/p>\n<\/div><div class=\"special-heading-border\"><div class=\"special-heading-inner-border\"><\/div><\/div><\/div>\n<section  class='av_textblock_section av-jzw6jeqz-acec2939c1ded6a8f2347d0672789791 '   itemscope=\"itemscope\" itemtype=\"https:\/\/schema.org\/CreativeWork\" ><div class='avia_textblock'  itemprop=\"text\" ><p>Im Sinne meiner Klient*innen und Interessent*innen hat Datenschutz f\u00fcr mich h\u00f6chste Priorit\u00e4t. Ich verarbeite Daten ausschlie\u00dflich auf Grundlage der anwendbaren Rechtsvorschriften zum Schutz, rechtm\u00e4\u00dfigen Umgang und zur Geheimhaltung personenbezogener Daten, sowie zur Datensicherheit, insbesondere auf Basis des Psychotherapiegesetzes, des \u00f6sterreichischen Telekommunikationsgesetzes, des Datenschutzgesetzes und der EU Datenschutzgrundverordnung.<\/p>\n<p>Der Umgang mit personenbezogenen Daten meiner Klient*innen und die daraus entstehenden Rechte und Pflichten sind im <strong>Psychotherapiegesetz<\/strong> geregelt.<\/p>\n<p>Diese Erkl\u00e4rung bezieht sich auf meine Webseite, sowie auf Anfragen von Interessent*innen per E-Mail.<\/p>\n<p>Daher teile ich Ihnen folgende Informationen laut Art. 13 der Datenschutzgrundverordnung mit:<\/p>\n<p><strong>Verantwortliche<\/strong>:<br \/>\nIngrid Jenkner<br \/>\n<a href=\"mailto:praxis@gutertag.at\">praxis@gutertag.at<\/a><br \/>\nTel. +43 (0) 660 670 67 23<\/p>\n<p><strong>Zwecke der Verarbeitung:<\/strong><\/p>\n<p>\u2022 Ich verarbeite Daten, die Sie mir als Anfrage \u00fcbermittelt haben, um diese Anfrage zu beantworten.<\/p>\n<p><strong>Rechtsgrundlagen der Verarbeitung:<\/strong><\/p>\n<p>\u2022 DSGVO Art6-b): die Verarbeitung ist zur Erf\u00fcllung meiner Vertr\u00e4ge, oder zur Erf\u00fcllung vorvertraglicher Ma\u00dfnahmen erforderlich.<\/p>\n<p>Die Kontaktdaten und Inhalt Ihrer Anfrage werden nicht an Dritte weitergegeben.<\/p>\n<p>Ich speichere Daten der Anfragen von Interessent*innen f\u00fcr die Dauer von 6 Monaten.<\/p>\n<p><strong>Website und Cookies:<\/strong><\/p>\n<p>Unsere Website verwendet so genannte Cookies. Dabei handelt es sich um kleine Textdateien, die mit Hilfe des Browsers auf Ihrem Endger\u00e4t abgelegt werden. Sie richten keinen Schaden an. Wir nutzen Cookies dazu, unser Angebot nutzerfreundlich zu gestalten. Einige Cookies bleiben auf Ihrem Endger\u00e4t gespeichert, bis Sie diese l\u00f6schen. Sie erm\u00f6glichen es uns, Ihren Browser beim n\u00e4chsten Besuch wiederzuerkennen. Wenn Sie dies nicht w\u00fcnschen, so k\u00f6nnen Sie Ihren Browser so einrichten, dass er Sie \u00fcber das Setzen von Cookies informiert und Sie dies nur im Einzelfall erlauben. Bei der Deaktivierung von Cookies kann die Funktionalit\u00e4t meiner Website eingeschr\u00e4nkt sein.<\/p>\n<p><strong>Google Analytics:<\/strong><\/p>\n<p>Diese Website nutzt aufgrund unserer berechtigten Interessen zur Optimierung und Analyse unseres Online-Angebots im Sinne des Art. 6 Abs. 1 lit. f. DSGVO den Dienst \u201eGoogle Analytics\u201c, welcher von der Google Inc. (1600 Amphitheatre Parkway Mountain View, CA 94043, USA) angeboten wird. Der Dienst (Google Analytics) verwendet \u201eCookies\u201c \u2013 Textdateien, welche auf Ihrem Endger\u00e4t gespeichert werden. Die durch die Cookies gesammelten Informationen werden im Regelfall an einen Google-Server in den USA gesandt und dort gespeichert.<\/p>\n<p>Google LLC h\u00e4lt das europ\u00e4ische Datenschutzrecht ein und ist unter dem Privacy-Shield-Abkommen zertifiziert: <a href=\"https:\/\/www.privacyshield.gov\/participant?id=a2zt000000001L5AAI&#038;status=Active\" target=\"_blank\" rel=\"noopener noreferrer\">https:\/\/www.privacyshield.gov\/participant?id=a2zt000000001L5AAI&#038;status=Active<\/a><\/p>\n<p>Auf dieser Website greift die IP-Anonymisierung. Die IP-Adresse der Nutzer wird innerhalb der Mitgliedsstaaten der EU und des Europ\u00e4ischen Wirtschaftsraum und in den anderen Vertragsstaaten des Abkommens gek\u00fcrzt. Nur in Einzelf\u00e4llen wird die IP-Adresse zun\u00e4chst ungek\u00fcrzt in die USA an einen Server von Google \u00fcbertragen und dort gek\u00fcrzt. Durch diese K\u00fcrzung entf\u00e4llt der Personenbezug Ihrer IP-Adresse. Die vom Browser \u00fcbermittelte IP-Adresse des Nutzers wird nicht mit anderen von Google gespeicherten Daten kombiniert.<\/p>\n<p>Im Rahmen der Vereinbarung zur Auftragsdatenvereinbarung, welche wir als Websitebetreiber mit der Google Inc. geschlossen haben, erstellt diese mithilfe der gesammelten Informationen eine Auswertung der Websitenutzung und der Websiteaktivit\u00e4t und erbringt mit der Internetnutzung verbundene Dienstleistungen.<\/p>\n<p>Die von Google in unserem Auftrag erhobenen Daten werden genutzt, um die Nutzung unseres Online-Angebots durch die einzelnen Nutzer auswerten zu k\u00f6nnen, z. B. um Reports \u00fcber die Aktivit\u00e4t auf der Website zu erstellen, um unser Online-Angebot zu verbessern.<\/p>\n<p>Sie haben die M\u00f6glichkeit, die Speicherung der Cookies auf Ihrem Ger\u00e4t zu verhindern, indem Sie in Ihrem Browser entsprechende Einstellungen vornehmen. Es ist nicht gew\u00e4hrleistet, dass Sie auf alle Funktionen dieser Website ohne Einschr\u00e4nkungen zugreifen k\u00f6nnen, wenn Ihr Browser keine Cookies zul\u00e4sst.<\/p>\n<p>Weiterhin k\u00f6nnen Sie durch ein Browser-Plugin verhindern, dass die durch Cookies gesammelten Informationen (inklusive Ihrer IP-Adresse) an die Google Inc. gesendet und von der Google Inc. genutzt werden. Folgender Link f\u00fchrt Sie zu dem entsprechenden Plugin: <a href=\"https:\/\/tools.google.com\/dlpage\/gaoptout?hl=de\" target=\"_blank\" rel=\"noopener noreferrer\">https:\/\/tools.google.com\/dlpage\/gaoptout?hl=de<\/a><\/p>\n<p>Alternativ verhindern Sie mit einem Klick auf diesen Link (WICHTIG: Opt-Out-Link einf\u00fcgen), dass Google Analytics innerhalb dieser Website Daten \u00fcber Sie erfasst. Mit dem Klick auf obigen Link laden Sie ein \u201eOpt-Out-Cookie\u201c herunter. Ihr Browser muss die Speicherung von Cookies also hierzu grunds\u00e4tzlich erlauben. L\u00f6schen Sie Ihre Cookies regelm\u00e4\u00dfig, ist ein erneuter Klick auf den Link bei jedem Besuch dieser Website vonn\u00f6ten.<\/p>\n<p>Hier finden Sie weitere Informationen zur Datennutzung durch die Google Inc.:<\/p>\n<p>\u2022 <a href=\"https:\/\/policies.google.com\/privacy\/partners?hl=de\" target=\"_blank\" rel=\"noopener noreferrer\">https:\/\/policies.google.com\/privacy\/partners?hl=de<\/a> (Daten, die von Google-Partnern erhoben werden)<br \/>\n\u2022 <a href=\"https:\/\/adssettings.google.de\/authenticated\" target=\"_blank\" rel=\"noopener noreferrer\">https:\/\/adssettings.google.de\/authenticated<\/a> (Einstellungen \u00fcber Werbung, die Ihnen angezeigt wird)<br \/>\n\u2022 <a href=\"https:\/\/policies.google.com\/technologies\/ads?hl=de\" target=\"_blank\" rel=\"noopener noreferrer\">https:\/\/policies.google.com\/technologies\/ads?hl=de<\/a> (Verwendung von Cookies in Anzeigen)<\/p>\n<p><strong>Google Fonts:<\/strong><\/p>\n<p>Diese Website nutzt aufgrund unserer berechtigten Interessen zur optimierten Darstellung unseres Online-Angebots den Dienst \u201eGoogle Fonts\u201c, welcher von der Google Inc. (1600 Amphitheatre Parkway Mountain View, CA 94043, USA) angeboten wird.<\/p>\n<p>Welche Daten von Google erfasst werden und wof\u00fcr diese Daten verwendet werden, k\u00f6nnen Sie auf <a href=\"https:\/\/www.google.com\/intl\/de\/policies\/privacy\/\" target=\"_blank\" rel=\"noopener noreferrer\">https:\/\/www.google.com\/intl\/de\/policies\/privacy\/<\/a> nachlesen.<\/p>\n<p><strong>Google Maps:<\/strong><\/p>\n<p>Diese Website nutzt aufgrund unseres berechtigten Interesses \u201eAuffinden unsers Betriebsstandortes\u201c den Dienst \u201eGoogle Maps\u201c, welcher von der Google Inc. (1600 Amphitheatre Parkway Mountain View, CA 94043, USA) angeboten wird.<\/p>\n<p>Welche Daten von Google erfasst werden und wof\u00fcr diese Daten verwendet werden, k\u00f6nnen Sie auf <a href=\"https:\/\/www.google.com\/intl\/de\/policies\/privacy\/\" target=\"_blank\" rel=\"noopener noreferrer\">https:\/\/www.google.com\/intl\/de\/policies\/privacy\/<\/a> nachlesen.<\/p>\n<p><strong>Ihre Rechte:<\/strong><\/p>\n<p>Ihnen stehen die Rechte auf Auskunft, Berichtigung, L\u00f6schung, Einschr\u00e4nkung, Daten\u00fcbertragbarkeit und Widerspruch zu. Daf\u00fcr wenden Sie sich an mich. Wenn Sie glauben, dass die Verarbeitung Ihrer Daten gegen das Datenschutzrecht verst\u00f6\u00dft oder Ihre datenschutzrechtlichen Anspr\u00fcche sonst in einer Weise verletzt worden sind, k\u00f6nnen Sie sich bei der Aufsichtsbeh\u00f6rde beschweren. In \u00d6sterreich ist die <a href=\"https:\/\/www.dsb.gv.at\/\" target=\"_blank\" rel=\"noopener noreferrer\">Datenschutzbeh\u00f6rde<\/a> zust\u00e4ndig.<\/p>\n<\/div><\/section>\n","protected":false},"excerpt":{"rendered":"","protected":false},"author":5,"featured_media":0,"parent":0,"menu_order":0,"comment_status":"closed","ping_status":"closed","template":"","meta":{"footnotes":""},"class_list":["post-591","page","type-page","status-publish","hentry"],"_links":{"self":[{"href":"https:\/\/www.gutertag.at\/wordpress\/wp-json\/wp\/v2\/pages\/591","targetHints":{"allow":["GET"]}}],"collection":[{"href":"https:\/\/www.gutertag.at\/wordpress\/wp-json\/wp\/v2\/pages"}],"about":[{"href":"https:\/\/www.gutertag.at\/wordpress\/wp-json\/wp\/v2\/types\/page"}],"author":[{"embeddable":true,"href":"https:\/\/www.gutertag.at\/wordpress\/wp-json\/wp\/v2\/users\/5"}],"replies":[{"embeddable":true,"href":"https:\/\/www.gutertag.at\/wordpress\/wp-json\/wp\/v2\/comments?post=591"}],"version-history":[{"count":69,"href":"https:\/\/www.gutertag.at\/wordpress\/wp-json\/wp\/v2\/pages\/591\/revisions"}],"predecessor-version":[{"id":791,"href":"https:\/\/www.gutertag.at\/wordpress\/wp-json\/wp\/v2\/pages\/591\/revisions\/791"}],"wp:attachment":[{"href":"https:\/\/www.gutertag.at\/wordpress\/wp-json\/wp\/v2\/media?parent=591"}],"curies":[{"name":"wp","href":"https:\/\/api.w.org\/{rel}","templated":true}]}}