{"id":96,"date":"2014-08-06T09:54:48","date_gmt":"2014-08-06T09:54:48","guid":{"rendered":"http:\/\/www.gutertag.at\/wordpress\/?page_id=96"},"modified":"2019-08-31T03:02:31","modified_gmt":"2019-08-31T03:02:31","slug":"paartherapie","status":"publish","type":"page","link":"https:\/\/www.gutertag.at\/wordpress\/angebot\/paartherapie\/","title":{"rendered":"Paartherapie"},"content":{"rendered":"<div id='layer_slider_1'  class='avia-layerslider main_color avia-shadow  avia-builder-el-0  el_before_av_one_full  avia-builder-el-first  container_wrap sidebar_right'  style='height: 341px;'  ><\/div><div id='after_layer_slider_1'  class='main_color av_default_container_wrap container_wrap sidebar_right'  ><div class='container av-section-cont-open' ><div class='template-page content  av-content-small alpha units'><div class='post-entry post-entry-type-page post-entry-96'><div class='entry-content-wrapper clearfix'>\n<div  class='flex_column av-7wweg-3752d1edb0fb74eb1bae7697f1436acd av_one_full  avia-builder-el-1  el_after_av_layerslider  el_before_av_heading  avia-builder-el-first  first flex_column_div  '     ><section  class='av_textblock_section av-77pj8-bfb29c4347a29c9f66eb50c7863fba68 '   itemscope=\"itemscope\" itemtype=\"https:\/\/schema.org\/CreativeWork\" ><div class='avia_textblock'  itemprop=\"text\" ><p>Beziehungsdrama oder Liebesabenteuer?<br \/>\nJede\/r Partner\/in bringt in eine Beziehung seine eigenen Erfahrungen und Erwartungen an den anderen mit und hat seine eigenen Vorstellungen \u00fcber sein Leben. Dabei durchl\u00e4uft eine Paarbeziehung mit der Zeit verschiedene Phasen. Paare werden \u00e4lter, sie wechseln Jobs, die Wohnung, ihre Interessen und Hobbies, sie gehen in Pension, sie lernen neue Leute kennen und sie erleben immer wieder Neues. Auf die Paarbeziehung haben auch andere Familienmitglieder eine Auswirkung. Kinder werden erwachsen, sie ziehen aus, gr\u00fcnden vielleicht ihre eigenen Familien. All diese Ver\u00e4nderungen stellen potentielle neue Herausforderungen f\u00fcr ein Paar dar. Manchmal setzen sie die Beziehung unter Druck. Wie das Paar miteinander redet und wie sie miteinander umgehen, wirkt sich auf die Beziehungsqualit\u00e4t aus.<\/p>\n<p>Entsteht hier ein Ungleichgewicht entsteht auch der Wunsch, sich einander wieder besser zu verstehen, Liebe und Lust zur\u00fcck zu gewinnen, Entscheidungen wieder gemeinsam zu treffen oder Konflikte bereinigen zu k\u00f6nnen. Auch wenn einer der PartnerInnen unter einem Problem leidet oder sich die Lebensumst\u00e4nde eines Partners stark wandeln und dies auf die Beziehung Auswirkungen hat, kann Paartherapie sinnvoll sein. Sie erm\u00f6glicht dem Paar, oben genannte Themen in einem neutralen Rahmen an- und auszusprechen. Als unparteiische Therapeutin ermutige ich Paare, gemeinsame Ziele zu entwickeln.<\/p>\n<p>Wenn Sie sich dazu entscheiden, kann dies durchaus auch eine gelungene Trennung bedeuten. Besonders bei Paaren mit Kindern spielt eine gute elterliche Kooperation und eine zufriedenstellende Neuordnung der Elternschaft nach der Trennung eine gro\u00dfe Rolle.<\/p>\n<p>Gerne unterst\u00fctze ich Sie dabei, ihre aktuelle Lebenssituation gut zu meistern und zuk\u00fcnftige Lebensqualit\u00e4t zu sichern. Ich freue mich darauf, <a href=\"\/wordpress\/kontakt\/\">Sie kennen zu lernen<\/a>!<\/p>\n<\/div><\/section><\/div>\n<style type=\"text\/css\" data-created_by=\"avia_inline_auto\" id=\"style-css-av-av_heading-a56216dc263cc68321b8c5538fa0916b\">\n#top .av-special-heading.av-av_heading-a56216dc263cc68321b8c5538fa0916b{\npadding-bottom:10px;\n}\nbody .av-special-heading.av-av_heading-a56216dc263cc68321b8c5538fa0916b .av-special-heading-tag .heading-char{\nfont-size:25px;\n}\n.av-special-heading.av-av_heading-a56216dc263cc68321b8c5538fa0916b .av-subheading{\nfont-size:15px;\n}\n<\/style>\n<div  class='av-special-heading av-av_heading-a56216dc263cc68321b8c5538fa0916b av-special-heading-h3 meta-heading blockquote modern-quote  avia-builder-el-3  el_after_av_one_full  el_before_av_one_half '><h3 class='av-special-heading-tag '  itemprop=\"headline\"  >Wer kann von der Paartherapie profitieren?<\/h3><div class=\"special-heading-border\"><div class=\"special-heading-inner-border\"><\/div><\/div><\/div><\/p>\n<div  class='flex_column av-68xww-17480eff271e61972ba70bec21aaba5f av_one_half  avia-builder-el-4  el_after_av_heading  el_before_av_one_half  first flex_column_div  '     ><div  class='avia-icon-list-container av-5pxyo-9b624ce6e425c0368102f6959a26d9b3  avia-builder-el-5  avia-builder-el-no-sibling '><ul class='avia-icon-list avia_animate_when_almost_visible avia-icon-list-left av-iconlist-big av-5pxyo-9b624ce6e425c0368102f6959a26d9b3 avia-iconlist-animate'>\n<li><div class='iconlist_icon av-53pks-a3d6d73d6a9ddd519e5c2fd5dc3dd68c avia-font-entypo-fontello avia-iconfont avia-font-entypo-fontello'><span class='av-icon-char' data-av_icon='\ue812' data-av_iconfont='entypo-fontello' aria-hidden=\"true\"><\/span><\/div><article class=\"article-icon-entry av-iconlist-empty\"  itemscope=\"itemscope\" itemtype=\"https:\/\/schema.org\/CreativeWork\" ><div class=\"iconlist_content_wrap\"><header class=\"entry-content-header\" aria-label=\"Icon: Paare, die eine erh\u00f6hte Beziehungsqualit\u00e4t anstreben.\"><h4 class='av_iconlist_title iconlist_title  '  itemprop=\"headline\" >Paare, die eine erh\u00f6hte Beziehungsqualit\u00e4t anstreben.<\/h4><\/header><div class='iconlist_content '  itemprop=\"text\" ><\/div><\/div><footer class=\"entry-footer\"><\/footer><\/article><div class=\"iconlist-timeline\"><\/div><\/li>\n<li><div class='iconlist_icon av-4o1x4-2c9fd4c7cc51b2cb630ae0a02112892c avia-font-entypo-fontello avia-iconfont avia-font-entypo-fontello'><span class='av-icon-char' data-av_icon='\ue812' data-av_iconfont='entypo-fontello' aria-hidden=\"true\"><\/span><\/div><article class=\"article-icon-entry av-iconlist-empty\"  itemscope=\"itemscope\" itemtype=\"https:\/\/schema.org\/CreativeWork\" ><div class=\"iconlist_content_wrap\"><header class=\"entry-content-header\" aria-label=\"Icon: Paare, die eine Entscheidung treffen wollen, wie die Beziehung weitergehen soll. Z.B. ob Sie zusammen ziehen sollen oder die Frage nach dem Kinderwunsch.\"><h4 class='av_iconlist_title iconlist_title  '  itemprop=\"headline\" >Paare, die eine Entscheidung treffen wollen, wie die Beziehung weitergehen soll. Z.B. ob Sie zusammen ziehen sollen oder die Frage nach dem Kinderwunsch.<\/h4><\/header><div class='iconlist_content '  itemprop=\"text\" ><\/div><\/div><footer class=\"entry-footer\"><\/footer><\/article><div class=\"iconlist-timeline\"><\/div><\/li>\n<li><div class='iconlist_icon av-3ud3c-cce0a4114eb0fffedddb10d5f6bea5c1 avia-font-entypo-fontello avia-iconfont avia-font-entypo-fontello'><span class='av-icon-char' data-av_icon='\ue812' data-av_iconfont='entypo-fontello' aria-hidden=\"true\"><\/span><\/div><article class=\"article-icon-entry av-iconlist-empty\"  itemscope=\"itemscope\" itemtype=\"https:\/\/schema.org\/CreativeWork\" ><div class=\"iconlist_content_wrap\"><header class=\"entry-content-header\" aria-label=\"Icon: Paare, die eine Trennung \u00fcberlegen bzw. durchziehen m\u00f6chten. Paartherapie kann hier bei der Entscheidungskl\u00e4rung behilflich sein. Paarberatung gibt auch Orientierung, wie Eltern die Auswirkungen einer Trennung auf Kinder minimieren k\u00f6nnen.\"><h4 class='av_iconlist_title iconlist_title  '  itemprop=\"headline\" >Paare, die eine Trennung \u00fcberlegen bzw. durchziehen m\u00f6chten. Paartherapie kann hier bei der Entscheidungskl\u00e4rung behilflich sein. Paarberatung gibt auch Orientierung, wie Eltern die Auswirkungen einer Trennung auf Kinder minimieren k\u00f6nnen.<\/h4><\/header><div class='iconlist_content '  itemprop=\"text\" ><\/div><\/div><footer class=\"entry-footer\"><\/footer><\/article><div class=\"iconlist-timeline\"><\/div><\/li>\n<\/ul><\/div><\/div>\n<div  class='flex_column av-3kfu8-a1e3fd179f9e7cbf5f98050b1a7075ae av_one_half  avia-builder-el-6  el_after_av_one_half  avia-builder-el-last  flex_column_div  '     ><div  class='avia-icon-list-container av-2xhww-d49394ae80dd1a1666606a3cc33408e3  avia-builder-el-7  avia-builder-el-no-sibling '><ul class='avia-icon-list avia_animate_when_almost_visible avia-icon-list-left av-iconlist-big av-2xhww-d49394ae80dd1a1666606a3cc33408e3 avia-iconlist-animate'>\n<li><div class='iconlist_icon av-2aogo-272b099f45405c89b1a6fdacfd68a05f avia-font-entypo-fontello avia-iconfont avia-font-entypo-fontello'><span class='av-icon-char' data-av_icon='\ue812' data-av_iconfont='entypo-fontello' aria-hidden=\"true\"><\/span><\/div><article class=\"article-icon-entry av-iconlist-empty\"  itemscope=\"itemscope\" itemtype=\"https:\/\/schema.org\/CreativeWork\" ><div class=\"iconlist_content_wrap\"><header class=\"entry-content-header\" aria-label=\"Icon: Paare, die h\u00e4ufig streiten. Paartherapie kann helfen, den Weg zur\u00fcck zur Freundschaft, N\u00e4he und sexuellen Intimit\u00e4t zu finden.\"><h4 class='av_iconlist_title iconlist_title  '  itemprop=\"headline\" >Paare, die h\u00e4ufig streiten. Paartherapie kann helfen, den Weg zur\u00fcck zur Freundschaft, N\u00e4he und sexuellen Intimit\u00e4t zu finden.<\/h4><\/header><div class='iconlist_content '  itemprop=\"text\" ><\/div><\/div><footer class=\"entry-footer\"><\/footer><\/article><div class=\"iconlist-timeline\"><\/div><\/li>\n<li><div class='iconlist_icon av-1rqts-6e4cf9143ed442ac10ef988d9ccfcae7 avia-font-entypo-fontello avia-iconfont avia-font-entypo-fontello'><span class='av-icon-char' data-av_icon='\ue812' data-av_iconfont='entypo-fontello' aria-hidden=\"true\"><\/span><\/div><article class=\"article-icon-entry av-iconlist-empty\"  itemscope=\"itemscope\" itemtype=\"https:\/\/schema.org\/CreativeWork\" ><div class=\"iconlist_content_wrap\"><header class=\"entry-content-header\" aria-label=\"Icon: Paare, die mit unterschiedlichen Werten und Lebenskonzepten k\u00e4mpfen. Themen wie Loyalit\u00e4t, Eifersucht, Untreue und Kinder (- Erziehung) kommen in der Paartherapie und Eheberatung \u00f6fters vor.\"><h4 class='av_iconlist_title iconlist_title  '  itemprop=\"headline\" >Paare, die mit unterschiedlichen Werten und Lebenskonzepten k\u00e4mpfen. Themen wie Loyalit\u00e4t, Eifersucht, Untreue und Kinder (- Erziehung) kommen in der Paartherapie und Eheberatung \u00f6fters vor.<\/h4><\/header><div class='iconlist_content '  itemprop=\"text\" ><\/div><\/div><footer class=\"entry-footer\"><\/footer><\/article><div class=\"iconlist-timeline\"><\/div><\/li>\n<li><div class='iconlist_icon av-14o48-56a18e95d48a59375dff188921f7975b avia-font-entypo-fontello avia-iconfont avia-font-entypo-fontello'><span class='av-icon-char' data-av_icon='\ue812' data-av_iconfont='entypo-fontello' aria-hidden=\"true\"><\/span><\/div><article class=\"article-icon-entry av-iconlist-empty\"  itemscope=\"itemscope\" itemtype=\"https:\/\/schema.org\/CreativeWork\" ><div class=\"iconlist_content_wrap\"><header class=\"entry-content-header\" aria-label=\"Icon: Paartherapie kann ein Paar in schwierigen Zeiten wie etwa Trauer, traumatische Erlebnisse und Krankheit unterst\u00fctzen. Paartherapie kann auch Orientierungshilfe in neuen Lebensphasen leisten, wie etwa wenn Kinder auf die Welt kommen, bei beruflicher Ver\u00e4nderung oder Pensionierung usw.                                                                                                                                   \"><h4 class='av_iconlist_title iconlist_title  '  itemprop=\"headline\" >Paartherapie kann ein Paar in schwierigen Zeiten wie etwa Trauer, traumatische Erlebnisse und Krankheit unterst\u00fctzen. Paartherapie kann auch Orientierungshilfe in neuen Lebensphasen leisten, wie etwa wenn Kinder auf die Welt kommen, bei beruflicher Ver\u00e4nderung oder Pensionierung usw.                                                                                                                                   <\/h4><\/header><div class='iconlist_content '  itemprop=\"text\" ><\/div><\/div><footer class=\"entry-footer\"><\/footer><\/article><div class=\"iconlist-timeline\"><\/div><\/li>\n<\/ul><\/div><\/div>\n","protected":false},"excerpt":{"rendered":"","protected":false},"author":5,"featured_media":0,"parent":90,"menu_order":0,"comment_status":"open","ping_status":"closed","template":"","meta":{"footnotes":""},"class_list":["post-96","page","type-page","status-publish","hentry"],"_links":{"self":[{"href":"https:\/\/www.gutertag.at\/wordpress\/wp-json\/wp\/v2\/pages\/96","targetHints":{"allow":["GET"]}}],"collection":[{"href":"https:\/\/www.gutertag.at\/wordpress\/wp-json\/wp\/v2\/pages"}],"about":[{"href":"https:\/\/www.gutertag.at\/wordpress\/wp-json\/wp\/v2\/types\/page"}],"author":[{"embeddable":true,"href":"https:\/\/www.gutertag.at\/wordpress\/wp-json\/wp\/v2\/users\/5"}],"replies":[{"embeddable":true,"href":"https:\/\/www.gutertag.at\/wordpress\/wp-json\/wp\/v2\/comments?post=96"}],"version-history":[{"count":25,"href":"https:\/\/www.gutertag.at\/wordpress\/wp-json\/wp\/v2\/pages\/96\/revisions"}],"predecessor-version":[{"id":832,"href":"https:\/\/www.gutertag.at\/wordpress\/wp-json\/wp\/v2\/pages\/96\/revisions\/832"}],"up":[{"embeddable":true,"href":"https:\/\/www.gutertag.at\/wordpress\/wp-json\/wp\/v2\/pages\/90"}],"wp:attachment":[{"href":"https:\/\/www.gutertag.at\/wordpress\/wp-json\/wp\/v2\/media?parent=96"}],"curies":[{"name":"wp","href":"https:\/\/api.w.org\/{rel}","templated":true}]}}